{"id":208,"date":"2019-11-06T13:39:14","date_gmt":"2019-11-06T13:39:14","guid":{"rendered":"https:\/\/coucou-hotel.de\/impressum"},"modified":"2025-01-31T09:44:29","modified_gmt":"2025-01-31T08:44:29","slug":"impressum","status":"publish","type":"page","link":"https:\/\/coucou-hotel.de\/en\/impressum","title":{"rendered":"Impressum \/ AGB\u00b4s"},"content":{"rendered":"<p><strong>Streitschlichtung<\/strong><\/p>\n<p>Die Europ\u00e4ische Kommission stellt eine Plattform zur Online-Streitbeilegung (OS) bereit: https:\/\/ec.europa.eu\/consumers\/odr.<br \/>\nUnsere E-Mail-Adresse finden Sie oben im Impressum.<\/p>\n<p>Wir sind nicht bereit oder verpflichtet, an Streitbeilegungsverfahren vor einer Verbraucherschlichtungsstelle teilzunehmen.<br \/>\nBelehrung \u00fcber Ihnen zustehende Widerrufsrechte<\/p>\n<p>Sollten Sie mit uns als Verbraucher online einen Dienstleistungsvertrag geschlossen haben, k\u00f6nnen Sie Ihre Vertragserkl\u00e4rung innerhalb von 14 Tagen ohne Angabe von Gr\u00fcnden mittels einer eindeutigen Erkl\u00e4rung widerrufen. Die Frist beginnt nach Erhalt dieser Belehrung auf einem dauerhaften Datentr\u00e4ger (z. B. Brief, Telefax, E-Mail). Zur Wahrung der Widerrufsfrist gen\u00fcgt die rechtzeitige Absendung des Widerrufs, wenn die Erkl\u00e4rung auf einem dauerhaften Datentr\u00e4ger (z. B. Brief, Telefax, E-Mail) erfolgt.<\/p>\n<p>Der Widerruf ist zu richten an:<\/p>\n<p>Bellini B\u00e4der GmbH<br \/>\nBasler Landstr. 8<br \/>\n79111 Freiburg<\/p>\n<p><strong>Muster-Widerrufsformular<\/strong><\/p>\n<p>Wenn Sie den Vertrag widerrufen wollen, dann f\u00fcllen Sie bitte dieses Formular aus und senden Sie es zur\u00fcck.<\/p>\n<p>An:<br \/>\nBellini B\u00e4der GmbH<br \/>\nBasler Landstr. 8<br \/>\n79111 Freiburg<\/p>\n<p>Hiermit widerrufe(n) ich\/wir (*) den von mir\/uns (*) abgeschlossenen Vertrag \u00fcber den Kauf der folgenden Waren (*)\/die Erbringung der folgenden Dienstleistung (*):<\/p>\n<p>Bestellt am (*) \/ erhalten am (*):<br \/>\nName des\/der Verbraucher(s):<br \/>\nAnschrift des\/der Verbraucher(s):<br \/>\nUnterschrift des\/der Verbraucher(s) (nur bei Mitteilung auf Papier):<br \/>\nDatum:<\/p>\n<p><strong>Widerrufsfolgen:<\/strong><\/p>\n<p>Im Falle eines wirksamen Widerrufs sind die beiderseits empfangenen Leistungen zur\u00fcck zu gew\u00e4hren. Sie sind zur Zahlung von Wertersatz f\u00fcr die bis zum Widerruf erbrachte Dienstleistung verpflichtet, wenn Sie vor Abgabe Ihrer Vertragserkl\u00e4rung auf diese Rechtsfolge hingewiesen wurden und ausdr\u00fccklich zugestimmt haben, dass wir vor dem Ende der Widerrufsfrist mit der Ausf\u00fchrung der Gegenleistung beginnen. Besteht eine Verpflichtung zur Zahlung von Wertersatz, kann dies dazu f\u00fchren, dass Sie die vertraglichen Zahlungsverpflichtungen f\u00fcr den Zeitraum bis zum Widerruf dennoch erf\u00fcllen m\u00fcssen. Ihr Widerrufsrecht erlischt vorzeitig, wenn der Vertrag von beiden Seiten auf Ihren ausdr\u00fccklichen Wunsch vollst\u00e4ndig erf\u00fcllt ist, bevor Sie Ihr Widerrufsrecht ausge\u00fcbt haben. Verpflichtungen zur Erstattung von Zahlungen m\u00fcssen innerhalb von 30 Tagen erf\u00fcllt werden. Die Frist beginnt f\u00fcr Sie mit der Absendung Ihrer Widerrufserkl\u00e4rung, f\u00fcr uns mit deren Empfang.<\/p>\n<p><strong>Bildquellennachweis<\/strong><\/p>\n<p>\u00a9 Foto:<br \/>\nAuf den Seiten verwendete Bilder und Fotos sind entweder selbst fotografiert oder wurden lizenzgerecht erworben. Alle Bilder und Fotos d\u00fcrfen weder kopiert, noch in irgendeiner Weise vervielf\u00e4ltigt werden.<\/p>\n<p><strong>Haftung f\u00fcr Inhalte<\/strong><\/p>\n<p>Als Diensteanbieter sind wir f\u00fcr eigene Inhalte auf diesen Seiten nach den allgemeinen Gesetzen verantwortlich. Wir als Diensteanbieter sind jedoch nicht verpflichtet \u00fcbermittelte oder gespeicherte fremde Informationen zu \u00fcberwachen oder nach Umst\u00e4nden zu forschen die auf eine rechtswidrige T\u00e4tigkeit hinweisen.<\/p>\n<p>Verpflichtungen zur Entfernung oder Sperrung der Nutzung von Informationen nach den allgemeinen Gesetzen bleiben hiervon unber\u00fchrt. Eine diesbez\u00fcgliche Haftung ist jedoch erst ab dem Zeitpunkt der Kenntnis einer konkreten Rechtsverletzung m\u00f6glich. Bei Bekanntwerden von entsprechenden Rechtsverletzungen werden wir diese Inhalte umgehend entfernen.<\/p>\n<p><strong>Haftung f\u00fcr Links<\/strong><\/p>\n<p>Unser Angebot enth\u00e4lt Links zu externen Websites Dritter, auf deren Inhalte wir keinen Einfluss haben. Deshalb k\u00f6nnen wir f\u00fcr diese fremden Inhalte auch keine Gew\u00e4hr \u00fcbernehmen. F\u00fcr die Inhalte der verlinkten Seiten ist stets der jeweilige Anbieter oder Betreiber der Seiten verantwortlich. Die verlinkten Seiten wurden zum Zeitpunkt der Verlinkung auf m\u00f6gliche Rechtsverst\u00f6\u00dfe \u00fcberpr\u00fcft. Rechtswidrige Inhalte waren zum Zeitpunkt der Verlinkung nicht erkennbar.<\/p>\n<p>Eine permanente inhaltliche Kontrolle der verlinkten Seiten ist jedoch ohne konkrete Anhaltspunkte einer Rechtsverletzung nicht zumutbar. Bei Bekanntwerden von Rechtsverletzungen werden wir derartige Links umgehend entfernen.<\/p>\n<p><strong>Urheberrecht<\/strong><\/p>\n<p>Die durch die Seitenbetreiber erstellten Inhalte und Werke auf diesen Seiten unterliegen dem deutschen Urheberrecht. Die Vervielf\u00e4ltigung, Bearbeitung, Verbreitung und jede Art der Verwertung au\u00dferhalb der Grenzen des Urheberrechtes bed\u00fcrfen der schriftlichen Zustimmung des jeweiligen Autors bzw. Erstellers. Downloads und Kopien dieser Seite sind nur f\u00fcr den privaten, nicht kommerziellen Gebrauch gestattet.<\/p>\n<p>Soweit die Inhalte auf dieser Seite nicht vom Betreiber erstellt wurden, werden die Urheberrechte Dritter beachtet. Insbesondere werden Inhalte Dritter als solche gekennzeichnet. Sollten Sie trotzdem auf eine Urheberrechtsverletzung aufmerksam werden, bitten wir um einen entsprechenden Hinweis. Bei Bekanntwerden von Rechtsverletzungen werden wir derartige Inhalte umgehend entfernen.<\/p>\n<h5>AGB\u00b4s<\/h5>\n<ol>\n<li>Wird ein Zimmer bestellt und die Reservierung vom Hotel best\u00e4tigt, so ist ein Hotelaufnahmevertrag oder auch Beherbergungsvertrag zustande gekommen. Die Schriftform ist dabei nicht erforderlich, eine telefonische Bestellung \/ Best\u00e4tigung reicht aus.<\/li>\n<li>Der Abschluss des Gastaufnahme- oder Beherbergungsvertrages verpflichtet die Vertragspartner f\u00fcr die gesamte Dauer des Vertrages zur Erf\u00fcllung der vereinbarten gegenseitigen Verpflichtungen: Die Verpflichtung des Hotels ist es, das Zimmer entsprechend der Bestellung bereitzuhalten. Die Verpflichtung des Gastes besteht darin, den Preis f\u00fcr die Zeit (Dauer) der Bestellung des Hotelzimmers zu bezahlen.<\/li>\n<li>Vertragspartner sind das Hotel und der Gast. Reserviert ein Dritter f\u00fcr den Gast, haftet er zusammen mit dem Gast gegen\u00fcber dem Hotel.<\/li>\n<li>Die Unter- oder Weitervermietung der \u00fcberlassenen Zimmer sowie deren Nutzung zu anderen Zwecken als der \u00dcbernachtung ist ohne schriftliche Zustimmung des Hotels nicht gestattet. Bei Zuwiderhandlungen beh\u00e4lt sich das Hotel vor zus\u00e4tzliche Geb\u00fchren zu erheben, bzw. in schwerwiegendem Fall Anzeige zu erstatten.<\/li>\n<li>Vom Gast eigens eingebrachte Allgemeine Gesch\u00e4ftsbedingungen haben ohne schriftliche Zustimmung des Hotels keine G\u00fcltigkeit.<\/li>\n<li>Das Hotel ist nicht verpflichtet f\u00fcr vom Gast veranlasste Leistungen Dritter oder deren Auslagen aufzukommen.<\/li>\n<li>Mit Vertragsabschluss ist das Hotel berechtigt eine Zahlungsgarantie (Kreditkarte) oder eine angemessene Vorauszahlung vom Gast zu verlangen. Sollte der Gast beides ablehnen, wird der Beherbergungsvertrag nichtig und der Gast hat kein Anrecht auf Bereitstellung der Mietsache. Diese Entscheidung wird pro Einzelfall vom Hotel getroffen und dem Gast schriftlich mitgeteilt.<\/li>\n<li>Alle erbrachten Leistungen sind vom Gast sp\u00e4testens am Abreisetag im Hotel zu begleichen. Akzeptierte Zahlungsmittel sind Bargeld, Mastercard, Visacard, EC-Karte. Eine Bezahlung auf Rechnung (Debitor) bedarf der vorherigen, schriftlichen, Erlaubnis des Hotels bzw. einer schriftlichen Kosten\u00fcbernahme des Rechnungstr\u00e4gers.<\/li>\n<li>Die Bezahlung der Rechnung (Debitor) muss bis 15 Tage nach Erhalt auf das auf der Rechnung genannte Bankkonto des Hotels erfolgen. Bei Nichteinhaltung ist das Hotel berechtigt Mahngeb\u00fchren wie folgt zu erheben: 16-30 Tage Verzug, \u20ac 5,00; 31-45 Tage, \u20ac 8,50. Ab 46 Tagen Nichtbezahlens einer Rechnung gibt das Hotel den Vorgang an ein Inkassounternehmen weiter. Verzugszinsen fallen im gesetzlichen Rahmen ab 30 Tagen Verzug an.<\/li>\n<li>Die Reservierung gilt als garantiert (das Zimmer wird in jedem Fall freigehalten und nicht anderweitig vermietet), wenn der Gast den Beherbergungsvertrag geschlossen hat s. \u00a71.<\/li>\n<li>Nimmt der Gast das bestellte Hotelzimmer nicht in Anspruch \u2013 unabh\u00e4ngig davon ob er au\u00dferhalb der kostenfreien Annullationsfrist absagt oder ohne Mitteilung nicht anreist \u2013 ist er rechtlich verpflichtet, den Preis f\u00fcr das bestellte und vom Hotel bereitgehaltene Hotelzimmer, nebst inklusiven Leistungen, zu bezahlen. Nicht angefallenen Betriebskosten werden anspruchsmindernd angerechnet. Die H\u00f6he dieses Erf\u00fcllungsanspruchs ist in der Reservierungsbest\u00e4tigung definiert. Kann das Hotel die nicht in Anspruch genommenen Leistungen erfolgreich neu vermitteln, so verringert sich die H\u00f6he des zu entrichtenden Erf\u00fcllungsanspruchs f\u00fcr den Gast entsprechend. Dem Gast steht es frei sich gegen diese, unter genannten Umst\u00e4nden entstehenden, Kosten zu versichern. Das Hotel erhebt keine Annullierungskosten, wenn die Absage oder das Nichterscheinen des Gasts durch h\u00f6here Gewalt bedingt ist.<\/li>\n<li>Die in der Reservierungsbest\u00e4tigung dem Gast zugestandene kostenfreie Annullationsfrist gilt umgekehrt auch f\u00fcr das Hotel. Das Hotel ist somit seinerseits berechtigt im gleichen Zeitraum vom Vertrag zur\u00fcckzutreten, sofern der Gast auf R\u00fcckfrage des Hotels auf sein Recht zum R\u00fccktritt verzichtet.<\/li>\n<li>Das Hotel ist au\u00dferdem berechtigt vom Vertrag zur\u00fcckzutreten, wenn h\u00f6here Gewalt die Erf\u00fcllung des Vertrags unm\u00f6glich machen, das Hotel begr\u00fcndeten Anlass zu der Annahme hat, dass die Inanspruchnahme der Hotelleistungen den reibungslosen Gesch\u00e4ftsbetrieb, die Sicherheit oder das Ansehen des Hotels in der \u00d6ffentlichkeit gef\u00e4hrden kann oder der Zweck des Aufenthaltes gesetzeswidrig ist. Bei berechtigtem R\u00fccktritt des Hotels hat der Gast keinen Anspruch auf Schadenersatz.<\/li>\n<li>Die gebuchten Zimmer stehen dem Gast am Anreisetag ab 15 Uhr garantiert zur Verf\u00fcgung. Ein Zimmerbezug davor kann nur auf Anfrage und entsprechender Verf\u00fcgbarkeit gew\u00e4hrt werden. Das vom Gast gebuchte Zimmer muss bis 11 Uhr am Abreisetag wieder verlassen werden. Eine Nutzung dar\u00fcber hinaus bedarf der Zustimmung des Hotels und kann unter Umst\u00e4nden zus\u00e4tzliche Geb\u00fchren nach sich ziehen.<\/li>\n<li>Das Hotel schlie\u00dft jegliche Haftung gegen\u00fcber eingebrachten Sachen aus. Mitgebrachte Fahrr\u00e4der sind auch bei Unterbringung in den entsprechenden R\u00e4umlichkeiten mit einem entsprechenden Schloss zu sichern.<\/li>\n<li>Der Gast darf die hoteleigenen PKW-Parkpl\u00e4tze (begrenzte Anzahl) kostenfrei nutzen, allerdings besteht kein garantierter Anspruch auf Verf\u00fcgbarkeit, auch dann nicht, wenn der Gast eine verbindliche Zimmerreservierung hat. Kommt das Fahrzeug des Gastes w\u00e4hrend dem Aufenthalt auf den hoteleigenen Parkpl\u00e4tzen zu Schaden oder gar abhanden, so haftet das Hotel nicht. Ausnahme nur, wenn ein Mitarbeiter des Hotels, w\u00e4hrend der Aus\u00fcbung seiner T\u00e4tigkeit, grob fahrl\u00e4ssig handelt.<\/li>\n<\/ol>\n","protected":false},"excerpt":{"rendered":"<p>Streitschlichtung Die Europ\u00e4ische Kommission stellt eine Plattform zur Online-Streitbeilegung (OS) bereit: https:\/\/ec.europa.eu\/consumers\/odr. Unsere E-Mail-Adresse finden Sie oben im Impressum. Wir sind nicht bereit oder verpflichtet, an Streitbeilegungsverfahren vor einer Verbraucherschlichtungsstelle teilzunehmen. Belehrung \u00fcber Ihnen zustehende Widerrufsrechte Sollten Sie mit uns &#8230;<\/p>\n","protected":false},"author":3,"featured_media":0,"parent":0,"menu_order":0,"comment_status":"closed","ping_status":"closed","template":"page-templates\/sidebar-page.php","meta":{"_acf_changed":false,"footnotes":""},"class_list":["post-208","page","type-page","status-publish","hentry"],"acf":[],"yoast_head":"<!-- This site is optimized with the Yoast SEO plugin v27.2 - https:\/\/yoast.com\/product\/yoast-seo-wordpress\/ -->\n<title>Impressum \/ AGB\u00b4s - coucou Hotel - Titisee<\/title>\n<meta name=\"robots\" content=\"noindex, nofollow\" \/>\n<meta property=\"og:locale\" content=\"en_US\" \/>\n<meta property=\"og:type\" content=\"article\" \/>\n<meta property=\"og:title\" content=\"Impressum \/ AGB\u00b4s - coucou Hotel - Titisee\" \/>\n<meta property=\"og:description\" content=\"Streitschlichtung Die Europ\u00e4ische Kommission stellt eine Plattform zur Online-Streitbeilegung (OS) bereit: https:\/\/ec.europa.eu\/consumers\/odr. Unsere E-Mail-Adresse finden Sie oben im Impressum. Wir sind nicht bereit oder verpflichtet, an Streitbeilegungsverfahren vor einer Verbraucherschlichtungsstelle teilzunehmen. Belehrung \u00fcber Ihnen zustehende Widerrufsrechte Sollten Sie mit uns ...\" \/>\n<meta property=\"og:url\" content=\"https:\/\/coucou-hotel.de\/en\/impressum\" \/>\n<meta property=\"og:site_name\" content=\"coucou Hotel - Titisee\" \/>\n<meta property=\"article:modified_time\" content=\"2025-01-31T08:44:29+00:00\" \/>\n<meta name=\"twitter:card\" content=\"summary_large_image\" \/>\n<meta name=\"twitter:label1\" content=\"Est. reading time\" \/>\n\t<meta name=\"twitter:data1\" content=\"8 minutes\" \/>\n<script type=\"application\/ld+json\" class=\"yoast-schema-graph\">{\"@context\":\"https:\/\/schema.org\",\"@graph\":[{\"@type\":\"WebPage\",\"@id\":\"https:\/\/coucou-hotel.de\/en\/impressum\",\"url\":\"https:\/\/coucou-hotel.de\/en\/impressum\",\"name\":\"Impressum \/ AGB\u00b4s - coucou Hotel - Titisee\",\"isPartOf\":{\"@id\":\"https:\/\/coucou-hotel.de\/#website\"},\"datePublished\":\"2019-11-06T13:39:14+00:00\",\"dateModified\":\"2025-01-31T08:44:29+00:00\",\"breadcrumb\":{\"@id\":\"https:\/\/coucou-hotel.de\/en\/impressum#breadcrumb\"},\"inLanguage\":\"en-US\",\"potentialAction\":[{\"@type\":\"ReadAction\",\"target\":[\"https:\/\/coucou-hotel.de\/en\/impressum\"]}]},{\"@type\":\"BreadcrumbList\",\"@id\":\"https:\/\/coucou-hotel.de\/en\/impressum#breadcrumb\",\"itemListElement\":[{\"@type\":\"ListItem\",\"position\":1,\"name\":\"Home\",\"item\":\"https:\/\/coucou-hotel.de\/en\"},{\"@type\":\"ListItem\",\"position\":2,\"name\":\"Impressum \/ AGB\u00b4s\"}]},{\"@type\":\"WebSite\",\"@id\":\"https:\/\/coucou-hotel.de\/#website\",\"url\":\"https:\/\/coucou-hotel.de\/\",\"name\":\"coucou Hotel - Titisee\",\"description\":\"urban soul meets the black forest\",\"potentialAction\":[{\"@type\":\"SearchAction\",\"target\":{\"@type\":\"EntryPoint\",\"urlTemplate\":\"https:\/\/coucou-hotel.de\/?s={search_term_string}\"},\"query-input\":{\"@type\":\"PropertyValueSpecification\",\"valueRequired\":true,\"valueName\":\"search_term_string\"}}],\"inLanguage\":\"en-US\"}]}<\/script>\n<!-- \/ Yoast SEO plugin. -->","yoast_head_json":{"title":"Impressum \/ AGB\u00b4s - coucou Hotel - Titisee","robots":{"index":"noindex","follow":"nofollow"},"og_locale":"en_US","og_type":"article","og_title":"Impressum \/ AGB\u00b4s - coucou Hotel - Titisee","og_description":"Streitschlichtung Die Europ\u00e4ische Kommission stellt eine Plattform zur Online-Streitbeilegung (OS) bereit: https:\/\/ec.europa.eu\/consumers\/odr. Unsere E-Mail-Adresse finden Sie oben im Impressum. Wir sind nicht bereit oder verpflichtet, an Streitbeilegungsverfahren vor einer Verbraucherschlichtungsstelle teilzunehmen. Belehrung \u00fcber Ihnen zustehende Widerrufsrechte Sollten Sie mit uns ...","og_url":"https:\/\/coucou-hotel.de\/en\/impressum","og_site_name":"coucou Hotel - Titisee","article_modified_time":"2025-01-31T08:44:29+00:00","twitter_card":"summary_large_image","twitter_misc":{"Est. reading time":"8 minutes"},"schema":{"@context":"https:\/\/schema.org","@graph":[{"@type":"WebPage","@id":"https:\/\/coucou-hotel.de\/en\/impressum","url":"https:\/\/coucou-hotel.de\/en\/impressum","name":"Impressum \/ AGB\u00b4s - coucou Hotel - Titisee","isPartOf":{"@id":"https:\/\/coucou-hotel.de\/#website"},"datePublished":"2019-11-06T13:39:14+00:00","dateModified":"2025-01-31T08:44:29+00:00","breadcrumb":{"@id":"https:\/\/coucou-hotel.de\/en\/impressum#breadcrumb"},"inLanguage":"en-US","potentialAction":[{"@type":"ReadAction","target":["https:\/\/coucou-hotel.de\/en\/impressum"]}]},{"@type":"BreadcrumbList","@id":"https:\/\/coucou-hotel.de\/en\/impressum#breadcrumb","itemListElement":[{"@type":"ListItem","position":1,"name":"Home","item":"https:\/\/coucou-hotel.de\/en"},{"@type":"ListItem","position":2,"name":"Impressum \/ AGB\u00b4s"}]},{"@type":"WebSite","@id":"https:\/\/coucou-hotel.de\/#website","url":"https:\/\/coucou-hotel.de\/","name":"coucou Hotel - Titisee","description":"urban soul meets the black forest","potentialAction":[{"@type":"SearchAction","target":{"@type":"EntryPoint","urlTemplate":"https:\/\/coucou-hotel.de\/?s={search_term_string}"},"query-input":{"@type":"PropertyValueSpecification","valueRequired":true,"valueName":"search_term_string"}}],"inLanguage":"en-US"}]}},"_links":{"self":[{"href":"https:\/\/coucou-hotel.de\/en\/wp-json\/wp\/v2\/pages\/208","targetHints":{"allow":["GET"]}}],"collection":[{"href":"https:\/\/coucou-hotel.de\/en\/wp-json\/wp\/v2\/pages"}],"about":[{"href":"https:\/\/coucou-hotel.de\/en\/wp-json\/wp\/v2\/types\/page"}],"author":[{"embeddable":true,"href":"https:\/\/coucou-hotel.de\/en\/wp-json\/wp\/v2\/users\/3"}],"replies":[{"embeddable":true,"href":"https:\/\/coucou-hotel.de\/en\/wp-json\/wp\/v2\/comments?post=208"}],"version-history":[{"count":17,"href":"https:\/\/coucou-hotel.de\/en\/wp-json\/wp\/v2\/pages\/208\/revisions"}],"predecessor-version":[{"id":7212,"href":"https:\/\/coucou-hotel.de\/en\/wp-json\/wp\/v2\/pages\/208\/revisions\/7212"}],"wp:attachment":[{"href":"https:\/\/coucou-hotel.de\/en\/wp-json\/wp\/v2\/media?parent=208"}],"curies":[{"name":"wp","href":"https:\/\/api.w.org\/{rel}","templated":true}]}}